{"id":6749,"date":"2024-11-21T12:24:23","date_gmt":"2024-11-21T11:24:23","guid":{"rendered":"https:\/\/ecosija.com\/?post_type=product&#038;p=6749"},"modified":"2026-01-19T11:03:26","modified_gmt":"2026-01-19T10:03:26","slug":"oljni-oz-tekoci-vosek-vlozek-1l-pet-recikliren-crne-barve-novost","status":"publish","type":"product","link":"https:\/\/ecosija.com\/en\/svece\/oljni-oz-tekoci-vosek-vlozek-1l-pet-recikliren-crne-barve-novost\/","title":{"rendered":"OLJNI oz. TEKO\u010cI VOSEK VLO\u017dEK 1L PET recikliren \u010cRNE BARVE. NOVOST!"},"content":{"rendered":"<p>LASTNOSTI<\/p>\n<ul>\n<li>Dimenzija (V x \u0160): 150 x 150 mm<\/li>\n<li>PET recikliren \u010cRN<\/li>\n<li>Dol\u017eina gorenja: dolgogore\u010de<\/li>\n<li>Pakiranje: 6 kosov v kartonu<\/li>\n<\/ul>\n<p>OPIS<\/p>\n<ul>\n<li>teko\u010di vosek oz. svetilno olje 1 L za sve\u010de<\/li>\n<li>NOVOST, skladno z Avstrijskim tr\u017ei\u0161\u010dem.<\/li>\n<li>Nenevaren proti razlitju, ima varnostni pokrov\u010dek<\/li>\n<li>PET recikliren PROZOREN, katerega se samo raz\u010dleni, otrokom nenevarno, varnostni pokrov\u010dek, konstantno enako visok plamen<\/li>\n<\/ul>\n<p>&nbsp;<\/p>\n","protected":false},"excerpt":{"rendered":"<p>OLJNI oz. TEKO\u010cI VOSEK VLO\u017dEK 1L PET recikliren \u010cRNE BARVE. NOVOST!<\/p>\n","protected":false},"featured_media":6623,"template":"","meta":{"_acf_changed":false},"product_brand":[],"product_cat":[181,117,120],"product_tag":[],"class_list":{"0":"post-6749","1":"product","2":"type-product","3":"status-publish","4":"has-post-thumbnail","6":"product_cat-novosti","7":"product_cat-svece-na-tekoci-vosek-ekoloska-zelena-linija","8":"product_cat-tekoci-vosek-oz-svetilno-olje","10":"first","11":"instock","12":"taxable","13":"shipping-taxable","14":"purchasable","15":"product-type-simple"},"acf":[],"_links":{"self":[{"href":"https:\/\/ecosija.com\/en\/wp-json\/wp\/v2\/product\/6749","targetHints":{"allow":["GET"]}}],"collection":[{"href":"https:\/\/ecosija.com\/en\/wp-json\/wp\/v2\/product"}],"about":[{"href":"https:\/\/ecosija.com\/en\/wp-json\/wp\/v2\/types\/product"}],"wp:featuredmedia":[{"embeddable":true,"href":"https:\/\/ecosija.com\/en\/wp-json\/wp\/v2\/media\/6623"}],"wp:attachment":[{"href":"https:\/\/ecosija.com\/en\/wp-json\/wp\/v2\/media?parent=6749"}],"wp:term":[{"taxonomy":"product_brand","embeddable":true,"href":"https:\/\/ecosija.com\/en\/wp-json\/wp\/v2\/product_brand?post=6749"},{"taxonomy":"product_cat","embeddable":true,"href":"https:\/\/ecosija.com\/en\/wp-json\/wp\/v2\/product_cat?post=6749"},{"taxonomy":"product_tag","embeddable":true,"href":"https:\/\/ecosija.com\/en\/wp-json\/wp\/v2\/product_tag?post=6749"}],"curies":[{"name":"wp","href":"https:\/\/api.w.org\/{rel}","templated":true}]}}