{"id":6427,"date":"2024-06-14T13:20:45","date_gmt":"2024-06-14T11:20:45","guid":{"rendered":"https:\/\/ecosija.com\/?post_type=product&#038;p=6427"},"modified":"2025-07-08T08:33:10","modified_gmt":"2025-07-08T06:33:10","slug":"stenj-gorece-svece","status":"publish","type":"product","link":"https:\/\/ecosija.com\/en\/svece\/stenj-gorece-svece\/","title":{"rendered":"STENJ GORE\u010cE SVE\u010cE &#8211; 5 stenjev v kompletu"},"content":{"rendered":"<p>Aluminijasta cevka z bomba\u017eno vrvico.<\/p>\n<p>Dol\u017eina : cca. 18 cm<\/p>\n<p>Fi: 8<\/p>\n<p>Pakiranje: 5 stenjev v kompletu<\/p>\n<p>CENA za 5 KOSOV<\/p>\n","protected":false},"excerpt":{"rendered":"<p>STENJ GORE\u010cE SVE\u010cE<\/p>\n<p>Aluminijasta cevka z bomba\u017eno vrvico<\/p>\n<p>Cena za 5 kosov<\/p>\n","protected":false},"featured_media":6973,"template":"","meta":{"_acf_changed":false},"product_brand":[],"product_cat":[117,120],"product_tag":[],"class_list":{"0":"post-6427","1":"product","2":"type-product","3":"status-publish","4":"has-post-thumbnail","6":"product_cat-svece-na-tekoci-vosek-ekoloska-zelena-linija","7":"product_cat-tekoci-vosek-oz-svetilno-olje","9":"first","10":"instock","11":"taxable","12":"shipping-taxable","13":"purchasable","14":"product-type-simple"},"acf":[],"_links":{"self":[{"href":"https:\/\/ecosija.com\/en\/wp-json\/wp\/v2\/product\/6427","targetHints":{"allow":["GET"]}}],"collection":[{"href":"https:\/\/ecosija.com\/en\/wp-json\/wp\/v2\/product"}],"about":[{"href":"https:\/\/ecosija.com\/en\/wp-json\/wp\/v2\/types\/product"}],"wp:featuredmedia":[{"embeddable":true,"href":"https:\/\/ecosija.com\/en\/wp-json\/wp\/v2\/media\/6973"}],"wp:attachment":[{"href":"https:\/\/ecosija.com\/en\/wp-json\/wp\/v2\/media?parent=6427"}],"wp:term":[{"taxonomy":"product_brand","embeddable":true,"href":"https:\/\/ecosija.com\/en\/wp-json\/wp\/v2\/product_brand?post=6427"},{"taxonomy":"product_cat","embeddable":true,"href":"https:\/\/ecosija.com\/en\/wp-json\/wp\/v2\/product_cat?post=6427"},{"taxonomy":"product_tag","embeddable":true,"href":"https:\/\/ecosija.com\/en\/wp-json\/wp\/v2\/product_tag?post=6427"}],"curies":[{"name":"wp","href":"https:\/\/api.w.org\/{rel}","templated":true}]}}