{"id":6328,"date":"2024-05-28T15:30:27","date_gmt":"2024-05-28T13:30:27","guid":{"rendered":"https:\/\/ecosija.com\/?post_type=product&#038;p=6328"},"modified":"2026-01-19T11:24:12","modified_gmt":"2026-01-19T10:24:12","slug":"steklena-sveca-na-parafinski-vlozek-valj-lucka","status":"publish","type":"product","link":"https:\/\/ecosija.com\/en\/svece\/steklena-sveca-na-parafinski-vlozek-valj-lucka\/","title":{"rendered":"STEKLENA SVE\u010cA NA PARAFINSKI VLO\u017dEK VALJ LU\u010cKA"},"content":{"rendered":"<p>LASTNOSTI<\/p>\n<ul>\n<li>Barva: vijoli\u010dna, rde\u010da, dimljena, zlata, prozorna<\/li>\n<li>Material: steklo<\/li>\n<li>Dimenzija (V x \u0160): 250 x 110 mm<\/li>\n<li>Dol\u017eina gorenja: mo\u017enost menjave parafinskega vlo\u017eka 3 ali 5\u00a0 dni<\/li>\n<li>Pakiranje: 8 kosov v kartonu (velja v primeru koli\u010dinskih naro\u010danj)<\/li>\n<\/ul>\n<p>OPIS<\/p>\n<ul>\n<li>elegantna in var\u010dna steklena sve\u010da<\/li>\n<li>narejena iz stekla, stabilna, odporna proti vsem vremenskim razmeram<\/li>\n<li>namenjena ve\u010dkratni uporabi<\/li>\n<\/ul>\n","protected":false},"excerpt":{"rendered":"<p>STEKLENA SVE\u010cA NA PARAFINSKI VLO\u017dEK VALJ LU\u010cKA<\/p>\n","protected":false},"featured_media":6274,"template":"","meta":{"_acf_changed":false},"product_brand":[],"product_cat":[181,121],"product_tag":[],"class_list":{"0":"post-6328","1":"product","2":"type-product","3":"status-publish","4":"has-post-thumbnail","6":"product_cat-novosti","7":"product_cat-steklene-svece-na-vlozek","9":"first","10":"instock","11":"taxable","12":"shipping-taxable","13":"purchasable","14":"product-type-simple"},"acf":[],"_links":{"self":[{"href":"https:\/\/ecosija.com\/en\/wp-json\/wp\/v2\/product\/6328","targetHints":{"allow":["GET"]}}],"collection":[{"href":"https:\/\/ecosija.com\/en\/wp-json\/wp\/v2\/product"}],"about":[{"href":"https:\/\/ecosija.com\/en\/wp-json\/wp\/v2\/types\/product"}],"wp:featuredmedia":[{"embeddable":true,"href":"https:\/\/ecosija.com\/en\/wp-json\/wp\/v2\/media\/6274"}],"wp:attachment":[{"href":"https:\/\/ecosija.com\/en\/wp-json\/wp\/v2\/media?parent=6328"}],"wp:term":[{"taxonomy":"product_brand","embeddable":true,"href":"https:\/\/ecosija.com\/en\/wp-json\/wp\/v2\/product_brand?post=6328"},{"taxonomy":"product_cat","embeddable":true,"href":"https:\/\/ecosija.com\/en\/wp-json\/wp\/v2\/product_cat?post=6328"},{"taxonomy":"product_tag","embeddable":true,"href":"https:\/\/ecosija.com\/en\/wp-json\/wp\/v2\/product_tag?post=6328"}],"curies":[{"name":"wp","href":"https:\/\/api.w.org\/{rel}","templated":true}]}}