{"id":6165,"date":"2024-10-11T13:22:50","date_gmt":"2024-10-11T11:22:50","guid":{"rendered":"https:\/\/ecosija.com\/?post_type=product&#038;p=6165"},"modified":"2026-03-02T14:52:25","modified_gmt":"2026-03-02T13:52:25","slug":"elektronska-nagrobna-sveca-valj-x-podstavek-gori-90-dni","status":"publish","type":"product","link":"https:\/\/ecosija.com\/en\/svece\/elektronska-nagrobna-sveca-valj-x-podstavek-gori-90-dni\/","title":{"rendered":"ELEKTRONSKA NAGROBNA SVE\u010cA VALJ X PODSTAVEK gori 90 dni"},"content":{"rendered":"<p>LASTNOSTI<\/p>\n<ul>\n<li>Barva: ohi\u0161je plastika, \u010drna<\/li>\n<li>Material sve\u010de: steklo<\/li>\n<li>Barva stekla: rde\u010da, rde\u010da biserna, bela biserna, zlato rjava, dimljena<\/li>\n<li>Dimenzija (V x \u0160 X D): 27,5 x 15,5 x 21,5 cm<\/li>\n<li>Dol\u017eina gorenja: 90 dni<\/li>\n<li>Pakiranje: 6 kosi v kartonu (velja v primeru koli\u010dinskega naro\u010danja)<\/li>\n<\/ul>\n<p>OPIS<\/p>\n<ul>\n<li>elegantna in var\u010dna elektronska sve\u010da na podstavku, za bolj\u0161o stabilnost<\/li>\n<li>stabilna, odporna proti vsem vremenskim razmeram<\/li>\n<li>namenjena ve\u010dkratni uporabi, mo\u017enost menjave elektronskega modula<\/li>\n<li>gori 90 dni<\/li>\n<\/ul>\n","protected":false},"excerpt":{"rendered":"<p>ELEKTRONSKA NAGROBNA SVE\u010cA VALJ X PODSTAVEK gori 90 dni<\/p>\n","protected":false},"featured_media":6655,"template":"","meta":{"_acf_changed":false},"product_brand":[],"product_cat":[107,105,181],"product_tag":[],"class_list":{"0":"post-6165","1":"product","2":"type-product","3":"status-publish","4":"has-post-thumbnail","6":"product_cat-elektronske-steklene-svece","7":"product_cat-elektronske-svece","8":"product_cat-novosti","10":"first","11":"instock","12":"taxable","13":"shipping-taxable","14":"purchasable","15":"product-type-simple"},"acf":[],"_links":{"self":[{"href":"https:\/\/ecosija.com\/en\/wp-json\/wp\/v2\/product\/6165","targetHints":{"allow":["GET"]}}],"collection":[{"href":"https:\/\/ecosija.com\/en\/wp-json\/wp\/v2\/product"}],"about":[{"href":"https:\/\/ecosija.com\/en\/wp-json\/wp\/v2\/types\/product"}],"wp:featuredmedia":[{"embeddable":true,"href":"https:\/\/ecosija.com\/en\/wp-json\/wp\/v2\/media\/6655"}],"wp:attachment":[{"href":"https:\/\/ecosija.com\/en\/wp-json\/wp\/v2\/media?parent=6165"}],"wp:term":[{"taxonomy":"product_brand","embeddable":true,"href":"https:\/\/ecosija.com\/en\/wp-json\/wp\/v2\/product_brand?post=6165"},{"taxonomy":"product_cat","embeddable":true,"href":"https:\/\/ecosija.com\/en\/wp-json\/wp\/v2\/product_cat?post=6165"},{"taxonomy":"product_tag","embeddable":true,"href":"https:\/\/ecosija.com\/en\/wp-json\/wp\/v2\/product_tag?post=6165"}],"curies":[{"name":"wp","href":"https:\/\/api.w.org\/{rel}","templated":true}]}}