{"id":5984,"date":"2024-05-28T14:29:02","date_gmt":"2024-05-28T12:29:02","guid":{"rendered":"https:\/\/ecosija.com\/?post_type=product&#038;p=5984"},"modified":"2024-08-21T11:33:56","modified_gmt":"2024-08-21T09:33:56","slug":"elektronska-nagrobna-sveca-valj-cvet-gori-90-180-dni","status":"publish","type":"product","link":"https:\/\/ecosija.com\/en\/svece\/elektronska-nagrobna-sveca-valj-cvet-gori-90-180-dni\/","title":{"rendered":"ELEKTRONSKA NAGROBNA SVE\u010cA VALJ CVET gori 90 -180 dni"},"content":{"rendered":"<p>LASTNOSTI<\/p>\n<ul>\n<li>Barva: rde\u010da, vijoli\u010dna, dimljena, zlato rjava, biserno svetlikajo\u010da v razli\u010dnih barvah<\/li>\n<li>Varianta modula: sto\u017eec<\/li>\n<li>Material: steklo<\/li>\n<li>Dimenzija (V x \u0160): 165 x 145 mm<\/li>\n<li>Dol\u017eina gorenja: 90 &#8211; 180 dni<\/li>\n<li>Pakiranje: 6 kosov v kartonu (velja v primeru koli\u010dinskega naro\u010danja)<\/li>\n<\/ul>\n<p>OPIS<\/p>\n<ul>\n<li>elegantna in var\u010dna elektronska sve\u010da<\/li>\n<li>narejena iz stekla, stabilna, odporna proti vsem vremenskim razmeram<\/li>\n<li>namenjena ve\u010dkratni uporabi<\/li>\n<li>gori 90 -180 dni<\/li>\n<\/ul>\n","protected":false},"excerpt":{"rendered":"<p>ELEKTRONSKA NAGROBNA SVE\u010cA VALJ CVET gori 90 -180 dni<\/p>\n","protected":false},"featured_media":5926,"template":"","meta":{"_acf_changed":false},"product_brand":[],"product_cat":[107,105,181],"product_tag":[],"class_list":{"0":"post-5984","1":"product","2":"type-product","3":"status-publish","4":"has-post-thumbnail","6":"product_cat-elektronske-steklene-svece","7":"product_cat-elektronske-svece","8":"product_cat-novosti","10":"first","11":"instock","12":"taxable","13":"shipping-taxable","14":"purchasable","15":"product-type-variable"},"acf":[],"_links":{"self":[{"href":"https:\/\/ecosija.com\/en\/wp-json\/wp\/v2\/product\/5984","targetHints":{"allow":["GET"]}}],"collection":[{"href":"https:\/\/ecosija.com\/en\/wp-json\/wp\/v2\/product"}],"about":[{"href":"https:\/\/ecosija.com\/en\/wp-json\/wp\/v2\/types\/product"}],"wp:featuredmedia":[{"embeddable":true,"href":"https:\/\/ecosija.com\/en\/wp-json\/wp\/v2\/media\/5926"}],"wp:attachment":[{"href":"https:\/\/ecosija.com\/en\/wp-json\/wp\/v2\/media?parent=5984"}],"wp:term":[{"taxonomy":"product_brand","embeddable":true,"href":"https:\/\/ecosija.com\/en\/wp-json\/wp\/v2\/product_brand?post=5984"},{"taxonomy":"product_cat","embeddable":true,"href":"https:\/\/ecosija.com\/en\/wp-json\/wp\/v2\/product_cat?post=5984"},{"taxonomy":"product_tag","embeddable":true,"href":"https:\/\/ecosija.com\/en\/wp-json\/wp\/v2\/product_tag?post=5984"}],"curies":[{"name":"wp","href":"https:\/\/api.w.org\/{rel}","templated":true}]}}