{"id":5864,"date":"2024-05-28T15:19:19","date_gmt":"2024-05-28T13:19:19","guid":{"rendered":"https:\/\/ecosija.com\/?post_type=product&#038;p=5864"},"modified":"2026-03-02T14:26:12","modified_gmt":"2026-03-02T13:26:12","slug":"elektronska-nagrobna-sveca-valj-motiv","status":"publish","type":"product","link":"https:\/\/ecosija.com\/en\/svece\/elektronska-nagrobna-sveca-valj-motiv\/","title":{"rendered":"ELEKTRONSKA NAGROBNA SVE\u010cA VALJ MOTIV gori 90 &#8211; 180 dni"},"content":{"rendered":"<p>LASTNOSTI<\/p>\n<ul>\n<li>Motivi: vrtnica, orhideja, angel1, angel2, \u010de\u0161nja, \u0161opek vijola, \u0161opek cvetje, \u0161opek be\u017e, lotos<\/li>\n<li>Material: steklo<\/li>\n<li>Dimenzija (V x \u0160): 165 x 145 mm<\/li>\n<li>Dol\u017eina gorenja: 90 &#8211; 180 dni<\/li>\n<li>Pakiranje: 12 kosov v kartonu (velja v primeru koli\u010dinskega naro\u010danja)<\/li>\n<\/ul>\n<p>OPIS<\/p>\n<ul>\n<li>elegantna, moderna in var\u010dna elektronska sve\u010da<\/li>\n<li>narejena iz stekla, stabilna, odporna proti vsem vremenskim razmeram<\/li>\n<li>namenjena ve\u010dkratni uporabi<\/li>\n<li>gori 90 -180 dni<\/li>\n<\/ul>\n","protected":false},"excerpt":{"rendered":"<p>ELEKTRONSKA NAGROBNA SVE\u010cA VALJ MOTIV gori 90 &#8211; 180 dni<\/p>\n","protected":false},"featured_media":5867,"template":"","meta":{"_acf_changed":false},"product_brand":[],"product_cat":[107,105,181],"product_tag":[204],"class_list":{"0":"post-5864","1":"product","2":"type-product","3":"status-publish","4":"has-post-thumbnail","6":"product_cat-elektronske-steklene-svece","7":"product_cat-elektronske-svece","8":"product_cat-novosti","9":"product_tag-204","11":"first","12":"instock","13":"taxable","14":"shipping-taxable","15":"purchasable","16":"product-type-simple"},"acf":[],"_links":{"self":[{"href":"https:\/\/ecosija.com\/en\/wp-json\/wp\/v2\/product\/5864","targetHints":{"allow":["GET"]}}],"collection":[{"href":"https:\/\/ecosija.com\/en\/wp-json\/wp\/v2\/product"}],"about":[{"href":"https:\/\/ecosija.com\/en\/wp-json\/wp\/v2\/types\/product"}],"wp:featuredmedia":[{"embeddable":true,"href":"https:\/\/ecosija.com\/en\/wp-json\/wp\/v2\/media\/5867"}],"wp:attachment":[{"href":"https:\/\/ecosija.com\/en\/wp-json\/wp\/v2\/media?parent=5864"}],"wp:term":[{"taxonomy":"product_brand","embeddable":true,"href":"https:\/\/ecosija.com\/en\/wp-json\/wp\/v2\/product_brand?post=5864"},{"taxonomy":"product_cat","embeddable":true,"href":"https:\/\/ecosija.com\/en\/wp-json\/wp\/v2\/product_cat?post=5864"},{"taxonomy":"product_tag","embeddable":true,"href":"https:\/\/ecosija.com\/en\/wp-json\/wp\/v2\/product_tag?post=5864"}],"curies":[{"name":"wp","href":"https:\/\/api.w.org\/{rel}","templated":true}]}}