{"id":4852,"date":"2024-03-07T15:57:46","date_gmt":"2024-03-07T14:57:46","guid":{"rendered":"https:\/\/ecosija.com\/?post_type=product&#038;p=4852"},"modified":"2024-08-21T14:44:18","modified_gmt":"2024-08-21T12:44:18","slug":"parafinski-vlozek-v7","status":"publish","type":"product","link":"https:\/\/ecosija.com\/en\/svece\/parafinski-vlozek-v7\/","title":{"rendered":"PARAFINSKI VLO\u017dEK V7"},"content":{"rendered":"<p>LASTNOSTI<\/p>\n<ul>\n<li>Parafinski vlo\u017eek<\/li>\n<li>Material: parafin v plastiki<\/li>\n<li>Dimenzija (V x \u0160): 210 x 78 mm<\/li>\n<li>Dol\u017eina gorenja: parafin v vlo\u017eku vedno pogori &#8220;do konca&#8221;, ne glede na letni \u010das<\/li>\n<li>Pakiranje: 12 kosov v kartonu<\/li>\n<\/ul>\n","protected":false},"excerpt":{"rendered":"<p>PARAFINSKI VLO\u017dEK V7<\/p>\n","protected":false},"featured_media":4853,"template":"","meta":{"_acf_changed":false},"product_brand":[],"product_cat":[122],"product_tag":[],"class_list":{"0":"post-4852","1":"product","2":"type-product","3":"status-publish","4":"has-post-thumbnail","6":"product_cat-parafinski-vlozki","8":"first","9":"instock","10":"taxable","11":"shipping-taxable","12":"purchasable","13":"product-type-simple"},"acf":[],"_links":{"self":[{"href":"https:\/\/ecosija.com\/en\/wp-json\/wp\/v2\/product\/4852","targetHints":{"allow":["GET"]}}],"collection":[{"href":"https:\/\/ecosija.com\/en\/wp-json\/wp\/v2\/product"}],"about":[{"href":"https:\/\/ecosija.com\/en\/wp-json\/wp\/v2\/types\/product"}],"wp:featuredmedia":[{"embeddable":true,"href":"https:\/\/ecosija.com\/en\/wp-json\/wp\/v2\/media\/4853"}],"wp:attachment":[{"href":"https:\/\/ecosija.com\/en\/wp-json\/wp\/v2\/media?parent=4852"}],"wp:term":[{"taxonomy":"product_brand","embeddable":true,"href":"https:\/\/ecosija.com\/en\/wp-json\/wp\/v2\/product_brand?post=4852"},{"taxonomy":"product_cat","embeddable":true,"href":"https:\/\/ecosija.com\/en\/wp-json\/wp\/v2\/product_cat?post=4852"},{"taxonomy":"product_tag","embeddable":true,"href":"https:\/\/ecosija.com\/en\/wp-json\/wp\/v2\/product_tag?post=4852"}],"curies":[{"name":"wp","href":"https:\/\/api.w.org\/{rel}","templated":true}]}}