{"id":4800,"date":"2024-03-06T08:42:05","date_gmt":"2024-03-06T07:42:05","guid":{"rendered":"https:\/\/ecosija.com\/?post_type=product&#038;p=4800"},"modified":"2025-01-06T13:10:05","modified_gmt":"2025-01-06T12:10:05","slug":"luc-solarna-srebrna-zlata","status":"publish","type":"product","link":"https:\/\/ecosija.com\/en\/svece\/luc-solarna-srebrna-zlata\/","title":{"rendered":"LU\u010c SOLARNA SREBRNA, ZLATA gori 3 leta"},"content":{"rendered":"<ul>\n<li>SOLARNI MODUL ANGEL V SVE\u010cI TRENUTNO NI NA VOLJO.<\/li>\n<\/ul>\n<p>LASTNOSTI:<\/p>\n<ul>\n<li>Solarna lu\u010d<\/li>\n<li>Material: steklo<\/li>\n<li>Barva: plasti\u010den okvir srebrna ali zlata z angelom ali s sto\u017ecem<\/li>\n<li>Dimenzija (V x \u0160): 220 x 125 mm<\/li>\n<li>Dol\u017eina gorenja: gori 24 ur \/ dan, 3 leta<\/li>\n<li>Pakiranje: 6 kosov v kartonu (velja v primeru koli\u010dinskega naro\u010danja)<\/li>\n<\/ul>\n<p>OPIS:<\/p>\n<ul>\n<li>Kakovostna solarna lu\u010d gori s pomo\u010djo son\u010dne energije neprekinjeno, gori 24ur \/ dan, 3 leta<\/li>\n<li>Laterna deluje v vseh vremenskih razmerah: soncu, de\u017eju, vetru in celo snegu (pogoj je o\u010di\u0161\u010dena povr\u0161ina)<\/li>\n<li>var\u010dna<\/li>\n<\/ul>\n","protected":false},"excerpt":{"rendered":"<p>LU\u010c SOLARNA SREBRNA, ZLATA mo\u017enost solarnega vlo\u017eka: sto\u017eec<\/p>\n","protected":false},"featured_media":4628,"template":"","meta":{"_acf_changed":false},"product_brand":[],"product_cat":[109],"product_tag":[],"class_list":{"0":"post-4800","1":"product","2":"type-product","3":"status-publish","4":"has-post-thumbnail","6":"product_cat-solarne-svece","8":"first","9":"instock","10":"taxable","11":"shipping-taxable","12":"purchasable","13":"product-type-variable"},"acf":[],"_links":{"self":[{"href":"https:\/\/ecosija.com\/en\/wp-json\/wp\/v2\/product\/4800","targetHints":{"allow":["GET"]}}],"collection":[{"href":"https:\/\/ecosija.com\/en\/wp-json\/wp\/v2\/product"}],"about":[{"href":"https:\/\/ecosija.com\/en\/wp-json\/wp\/v2\/types\/product"}],"wp:featuredmedia":[{"embeddable":true,"href":"https:\/\/ecosija.com\/en\/wp-json\/wp\/v2\/media\/4628"}],"wp:attachment":[{"href":"https:\/\/ecosija.com\/en\/wp-json\/wp\/v2\/media?parent=4800"}],"wp:term":[{"taxonomy":"product_brand","embeddable":true,"href":"https:\/\/ecosija.com\/en\/wp-json\/wp\/v2\/product_brand?post=4800"},{"taxonomy":"product_cat","embeddable":true,"href":"https:\/\/ecosija.com\/en\/wp-json\/wp\/v2\/product_cat?post=4800"},{"taxonomy":"product_tag","embeddable":true,"href":"https:\/\/ecosija.com\/en\/wp-json\/wp\/v2\/product_tag?post=4800"}],"curies":[{"name":"wp","href":"https:\/\/api.w.org\/{rel}","templated":true}]}}