{"id":4763,"date":"2024-03-06T08:36:44","date_gmt":"2024-03-06T07:36:44","guid":{"rendered":"https:\/\/ecosija.com\/?post_type=product&#038;p=4763"},"modified":"2024-12-30T13:20:38","modified_gmt":"2024-12-30T12:20:38","slug":"solarna-sveca-zeta-sijaj-stozec","status":"publish","type":"product","link":"https:\/\/ecosija.com\/en\/svece\/solarna-sveca-zeta-sijaj-stozec\/","title":{"rendered":"SOLARNA SVE\u010cA ZETA (sijaj) STO\u017dEC gori 3 leta"},"content":{"rendered":"<p>LASTNOSTI<\/p>\n<ul>\n<li>Barva: rde\u010da, vijoli\u010dna, dimljena, zlato rjava, biserno svetlikajo\u010da v razli\u010dnih barvah<\/li>\n<li>Material: steklo<\/li>\n<li>Gorenje: stalno gore\u010di plamen<\/li>\n<li>Dimenzija (V x \u0160): 165 x 145 mm<\/li>\n<li>Dol\u017eina gorenja: 3 leta<\/li>\n<li>Pakiranje: 6 kosov v kartonu (velja v primeru koli\u010dinskega naro\u010danja)<\/li>\n<\/ul>\n<p>OPIS<\/p>\n<ul>\n<li>Kakovostna solarna laterna gori s pomo\u010djo son\u010dne energije neprekinjeno, gori 24ur \/ dan, 3 leta<\/li>\n<li>stekleno ohi\u0161je ji zagotavlja dodatno obte\u017eitev<\/li>\n<li>Laterna deluje v vseh vremenskih razmerah: soncu, de\u017eju, vetru in celo snegu (pogoj je o\u010di\u0161\u010dena povr\u0161ina)<\/li>\n<\/ul>\n","protected":false},"excerpt":{"rendered":"<p>SOLARNA SVE\u010cA ZETA (sijaj) STO\u017dEC<\/p>\n","protected":false},"featured_media":4662,"template":"","meta":{"_acf_changed":false},"product_brand":[],"product_cat":[202,109],"product_tag":[],"class_list":{"0":"post-4763","1":"product","2":"type-product","3":"status-publish","4":"has-post-thumbnail","6":"product_cat-solarne-steklene-svece","7":"product_cat-solarne-svece","9":"first","10":"instock","11":"taxable","12":"shipping-taxable","13":"purchasable","14":"product-type-variable"},"acf":[],"_links":{"self":[{"href":"https:\/\/ecosija.com\/en\/wp-json\/wp\/v2\/product\/4763","targetHints":{"allow":["GET"]}}],"collection":[{"href":"https:\/\/ecosija.com\/en\/wp-json\/wp\/v2\/product"}],"about":[{"href":"https:\/\/ecosija.com\/en\/wp-json\/wp\/v2\/types\/product"}],"wp:featuredmedia":[{"embeddable":true,"href":"https:\/\/ecosija.com\/en\/wp-json\/wp\/v2\/media\/4662"}],"wp:attachment":[{"href":"https:\/\/ecosija.com\/en\/wp-json\/wp\/v2\/media?parent=4763"}],"wp:term":[{"taxonomy":"product_brand","embeddable":true,"href":"https:\/\/ecosija.com\/en\/wp-json\/wp\/v2\/product_brand?post=4763"},{"taxonomy":"product_cat","embeddable":true,"href":"https:\/\/ecosija.com\/en\/wp-json\/wp\/v2\/product_cat?post=4763"},{"taxonomy":"product_tag","embeddable":true,"href":"https:\/\/ecosija.com\/en\/wp-json\/wp\/v2\/product_tag?post=4763"}],"curies":[{"name":"wp","href":"https:\/\/api.w.org\/{rel}","templated":true}]}}