{"id":4718,"date":"2024-03-01T12:01:34","date_gmt":"2024-03-01T11:01:34","guid":{"rendered":"https:\/\/ecosija.com\/?post_type=product&#038;p=4718"},"modified":"2025-06-01T00:10:58","modified_gmt":"2025-05-31T22:10:58","slug":"solarna-sveca-soncek-s-gori-3-leta","status":"publish","type":"product","link":"https:\/\/ecosija.com\/en\/svece\/solarna-sveca-soncek-s-gori-3-leta\/","title":{"rendered":"SOLARNA SVE\u010cA SON\u010cEK S gori 3 leta"},"content":{"rendered":"<p>LASTNOSTI:<\/p>\n<ul>\n<li>Solarna sve\u010da<\/li>\n<li>Material: steklo<\/li>\n<li>Barva: rde\u010da, vijoli\u010dna, dimljena, zlato rjava, biserno svetlikajo\u010da v razli\u010dnih barvah<\/li>\n<li>Dimenzija (V x \u0160): 165 x 145 mm<\/li>\n<li>Dol\u017eina gorenja: gori 24 ur \/ dan, 3 leta<\/li>\n<li>Pakiranje: 6 kosov v kartonu (velja v primeru koli\u010dinskega naro\u010danja)<\/li>\n<\/ul>\n<p>OPIS:<\/p>\n<ul>\n<li>Kakovostna solarna laterna gori s pomo\u010djo son\u010dne energije neprekinjeno, gori 24ur \/ dan, 3 leta<\/li>\n<li>Sve\u010da deluje v vseh vremenskih razmerah: soncu, de\u017eju, vetru in celo snegu (o\u010di\u0161\u010dena povr\u0161ina)<\/li>\n<\/ul>\n","protected":false},"excerpt":{"rendered":"<p>SOLARNA SVE\u010cA SON\u010cEK S gori 3 leta<\/p>\n","protected":false},"featured_media":6935,"template":"","meta":{"_acf_changed":false},"product_brand":[],"product_cat":[109],"product_tag":[],"class_list":{"0":"post-4718","1":"product","2":"type-product","3":"status-publish","4":"has-post-thumbnail","6":"product_cat-solarne-svece","8":"first","9":"instock","10":"taxable","11":"shipping-taxable","12":"purchasable","13":"product-type-variable"},"acf":[],"_links":{"self":[{"href":"https:\/\/ecosija.com\/en\/wp-json\/wp\/v2\/product\/4718","targetHints":{"allow":["GET"]}}],"collection":[{"href":"https:\/\/ecosija.com\/en\/wp-json\/wp\/v2\/product"}],"about":[{"href":"https:\/\/ecosija.com\/en\/wp-json\/wp\/v2\/types\/product"}],"wp:featuredmedia":[{"embeddable":true,"href":"https:\/\/ecosija.com\/en\/wp-json\/wp\/v2\/media\/6935"}],"wp:attachment":[{"href":"https:\/\/ecosija.com\/en\/wp-json\/wp\/v2\/media?parent=4718"}],"wp:term":[{"taxonomy":"product_brand","embeddable":true,"href":"https:\/\/ecosija.com\/en\/wp-json\/wp\/v2\/product_brand?post=4718"},{"taxonomy":"product_cat","embeddable":true,"href":"https:\/\/ecosija.com\/en\/wp-json\/wp\/v2\/product_cat?post=4718"},{"taxonomy":"product_tag","embeddable":true,"href":"https:\/\/ecosija.com\/en\/wp-json\/wp\/v2\/product_tag?post=4718"}],"curies":[{"name":"wp","href":"https:\/\/api.w.org\/{rel}","templated":true}]}}