{"id":4686,"date":"2024-02-14T10:02:17","date_gmt":"2024-02-14T09:02:17","guid":{"rendered":"https:\/\/ecosija.com\/?post_type=product&#038;p=4686"},"modified":"2024-08-21T11:37:26","modified_gmt":"2024-08-21T09:37:26","slug":"elektronska-nagrobna-sveca-zeta-angel-sijaj-modul-gori-od-90-do-180-dni","status":"publish","type":"product","link":"https:\/\/ecosija.com\/en\/svece\/elektronska-nagrobna-sveca-zeta-angel-sijaj-modul-gori-od-90-do-180-dni\/","title":{"rendered":"ELEKTRONSKA NAGROBNA SVE\u010cA ZETA ANGEL (sijaj) gori 90 -180 dni"},"content":{"rendered":"<p>&nbsp;<\/p>\n<p>LASTNOSTI<\/p>\n<ul>\n<li>Barva: rde\u010da, vijoli\u010dna, dimljena, zlato rjava, biserno svetlikajo\u010da v razli\u010dnih barvah<\/li>\n<li>Material: steklo<\/li>\n<li>Dimenzija (V x \u0160): 165 x 145 mm<\/li>\n<li>Dol\u017eina gorenja: 90 &#8211; 180 dni<\/li>\n<li>Pakiranje: 6 kosov v kartonu (velja v primeru koli\u010dinskega naro\u010danja)<\/li>\n<\/ul>\n<p>OPIS<\/p>\n<ul>\n<li>elegantna in var\u010dna elektronska sve\u010da<\/li>\n<li>narejena iz stekla, stabilna, odporna proti vsem vremenskim razmeram<\/li>\n<li>namenjena ve\u010dkratni uporabi<\/li>\n<li>gori 90 -180 dni<\/li>\n<\/ul>\n<p>&nbsp;<\/p>\n<p>&nbsp;<\/p>\n","protected":false},"excerpt":{"rendered":"<p>ELEKTRONSKA NAGROBNA SVE\u010cA ZETA ANGEL (sijaj) gori 90 -180 dni<\/p>\n","protected":false},"featured_media":4667,"template":"","meta":{"_acf_changed":false},"product_brand":[],"product_cat":[107,105],"product_tag":[],"class_list":{"0":"post-4686","1":"product","2":"type-product","3":"status-publish","4":"has-post-thumbnail","6":"product_cat-elektronske-steklene-svece","7":"product_cat-elektronske-svece","9":"first","10":"instock","11":"taxable","12":"shipping-taxable","13":"purchasable","14":"product-type-variable"},"acf":[],"_links":{"self":[{"href":"https:\/\/ecosija.com\/en\/wp-json\/wp\/v2\/product\/4686","targetHints":{"allow":["GET"]}}],"collection":[{"href":"https:\/\/ecosija.com\/en\/wp-json\/wp\/v2\/product"}],"about":[{"href":"https:\/\/ecosija.com\/en\/wp-json\/wp\/v2\/types\/product"}],"wp:featuredmedia":[{"embeddable":true,"href":"https:\/\/ecosija.com\/en\/wp-json\/wp\/v2\/media\/4667"}],"wp:attachment":[{"href":"https:\/\/ecosija.com\/en\/wp-json\/wp\/v2\/media?parent=4686"}],"wp:term":[{"taxonomy":"product_brand","embeddable":true,"href":"https:\/\/ecosija.com\/en\/wp-json\/wp\/v2\/product_brand?post=4686"},{"taxonomy":"product_cat","embeddable":true,"href":"https:\/\/ecosija.com\/en\/wp-json\/wp\/v2\/product_cat?post=4686"},{"taxonomy":"product_tag","embeddable":true,"href":"https:\/\/ecosija.com\/en\/wp-json\/wp\/v2\/product_tag?post=4686"}],"curies":[{"name":"wp","href":"https:\/\/api.w.org\/{rel}","templated":true}]}}