{"id":4627,"date":"2024-02-13T12:03:08","date_gmt":"2024-02-13T11:03:08","guid":{"rendered":"https:\/\/ecosija.com\/?post_type=product&#038;p=4627"},"modified":"2026-03-02T13:18:45","modified_gmt":"2026-03-02T12:18:45","slug":"novo-luc-elektronska-srebrna-zlata-steklena","status":"publish","type":"product","link":"https:\/\/ecosija.com\/en\/svece\/novo-luc-elektronska-srebrna-zlata-steklena\/","title":{"rendered":"LU\u010c ELEKTRONSKA SREBRNA, ZLATA &#8211; Steklena"},"content":{"rendered":"<p>LASTNOSTI<\/p>\n<ul>\n<li>Barva: Barva ogrodja srebrna, zlata<\/li>\n<li>Material: steklo<\/li>\n<li>Dimenzija (V x \u0160): 220 mm, fi 111<\/li>\n<li>Dol\u017eina gorenja: 90 &#8211; 180 dni<\/li>\n<li>Pakiranje: 6 kosov v kartonu (velja v primeru koli\u010dinskega naro\u010danja)<\/li>\n<\/ul>\n<p>OPIS<\/p>\n<ul>\n<li>elegantna in var\u010dna elektronska sve\u010da<\/li>\n<li>narejena iz stekla, stabilna, odporna proti vsem vremenskim razmeram<\/li>\n<li>namenjena ve\u010dkratni uporabi, mo\u017enost menjave baterij<\/li>\n<li>okrov\u010dek ima za\u0161\u010dito proti vdoru vode, zra\u010dnost proti kondenzu, mo\u017enost angel\u010dka<\/li>\n<\/ul>\n<p>&nbsp;<\/p>\n<p>&nbsp;<\/p>\n","protected":false},"excerpt":{"rendered":"<p>LU\u010c ELEKTRONSKA SREBRNA, ZLATA &#8211; Steklena, mo\u017enost angel\u010dka.<\/p>\n<p>&nbsp;<\/p>\n","protected":false},"featured_media":4628,"template":"","meta":{"_acf_changed":false},"product_brand":[],"product_cat":[107,105],"product_tag":[],"class_list":{"0":"post-4627","1":"product","2":"type-product","3":"status-publish","4":"has-post-thumbnail","6":"product_cat-elektronske-steklene-svece","7":"product_cat-elektronske-svece","9":"first","10":"instock","11":"taxable","12":"shipping-taxable","13":"purchasable","14":"product-type-simple"},"acf":[],"_links":{"self":[{"href":"https:\/\/ecosija.com\/en\/wp-json\/wp\/v2\/product\/4627","targetHints":{"allow":["GET"]}}],"collection":[{"href":"https:\/\/ecosija.com\/en\/wp-json\/wp\/v2\/product"}],"about":[{"href":"https:\/\/ecosija.com\/en\/wp-json\/wp\/v2\/types\/product"}],"wp:featuredmedia":[{"embeddable":true,"href":"https:\/\/ecosija.com\/en\/wp-json\/wp\/v2\/media\/4628"}],"wp:attachment":[{"href":"https:\/\/ecosija.com\/en\/wp-json\/wp\/v2\/media?parent=4627"}],"wp:term":[{"taxonomy":"product_brand","embeddable":true,"href":"https:\/\/ecosija.com\/en\/wp-json\/wp\/v2\/product_brand?post=4627"},{"taxonomy":"product_cat","embeddable":true,"href":"https:\/\/ecosija.com\/en\/wp-json\/wp\/v2\/product_cat?post=4627"},{"taxonomy":"product_tag","embeddable":true,"href":"https:\/\/ecosija.com\/en\/wp-json\/wp\/v2\/product_tag?post=4627"}],"curies":[{"name":"wp","href":"https:\/\/api.w.org\/{rel}","templated":true}]}}