{"id":4026,"date":"2022-06-09T07:25:04","date_gmt":"2022-06-09T07:25:04","guid":{"rendered":"https:\/\/ecosija.com\/?post_type=product&#038;p=4026"},"modified":"2024-08-21T14:47:26","modified_gmt":"2024-08-21T12:47:26","slug":"rastlinski-vlozek-3-dni","status":"publish","type":"product","link":"https:\/\/ecosija.com\/en\/svece\/rastlinski-vlozek-3-dni\/","title":{"rendered":"PARAFINSKI VLO\u017dEK 3 dni"},"content":{"rendered":"<p>LASTNOSTI<\/p>\n<ul>\n<li>Rastlinski parafinski vlo\u017eek<\/li>\n<li>Material: parafin v plastiki<\/li>\n<li>Dimenzija (V x \u0160): 145 x 55 mm<\/li>\n<li>Dol\u017eina gorenja: gori 3 dni, parafin v vlo\u017eku vedno pogori &#8220;do konca&#8221;, ne glede na letni \u010das<\/li>\n<li>Pakiranje: 20 kosov v kartonu<\/li>\n<\/ul>\n<p>&nbsp;<\/p>\n","protected":false},"excerpt":{"rendered":"<p>PARAFINSKI VLO\u017dEK 3 DNI<\/p>\n","protected":false},"featured_media":4021,"template":"","meta":{"_acf_changed":false},"product_brand":[],"product_cat":[122],"product_tag":[],"class_list":{"0":"post-4026","1":"product","2":"type-product","3":"status-publish","4":"has-post-thumbnail","6":"product_cat-parafinski-vlozki","8":"first","9":"instock","10":"taxable","11":"shipping-taxable","12":"purchasable","13":"product-type-simple"},"acf":[],"_links":{"self":[{"href":"https:\/\/ecosija.com\/en\/wp-json\/wp\/v2\/product\/4026","targetHints":{"allow":["GET"]}}],"collection":[{"href":"https:\/\/ecosija.com\/en\/wp-json\/wp\/v2\/product"}],"about":[{"href":"https:\/\/ecosija.com\/en\/wp-json\/wp\/v2\/types\/product"}],"wp:featuredmedia":[{"embeddable":true,"href":"https:\/\/ecosija.com\/en\/wp-json\/wp\/v2\/media\/4021"}],"wp:attachment":[{"href":"https:\/\/ecosija.com\/en\/wp-json\/wp\/v2\/media?parent=4026"}],"wp:term":[{"taxonomy":"product_brand","embeddable":true,"href":"https:\/\/ecosija.com\/en\/wp-json\/wp\/v2\/product_brand?post=4026"},{"taxonomy":"product_cat","embeddable":true,"href":"https:\/\/ecosija.com\/en\/wp-json\/wp\/v2\/product_cat?post=4026"},{"taxonomy":"product_tag","embeddable":true,"href":"https:\/\/ecosija.com\/en\/wp-json\/wp\/v2\/product_tag?post=4026"}],"curies":[{"name":"wp","href":"https:\/\/api.w.org\/{rel}","templated":true}]}}