{"id":4015,"date":"2022-06-08T12:31:28","date_gmt":"2022-06-08T12:31:28","guid":{"rendered":"https:\/\/ecosija.com\/?post_type=product&#038;p=4015"},"modified":"2024-11-28T14:13:30","modified_gmt":"2024-11-28T13:13:30","slug":"orhideja","status":"publish","type":"product","link":"https:\/\/ecosija.com\/en\/svece\/orhideja\/","title":{"rendered":"ORHIDEJA STEKLENA SVE\u010cA s parafinskim vlo\u017ekom"},"content":{"rendered":"<p>LASTNOSTI<\/p>\n<ul>\n<li>Barva: prozorna z motivom orhideje<\/li>\n<li>Material: steklo<\/li>\n<li>Dimenzija (V x \u0160): 235 x 111 mm<\/li>\n<li>Dol\u017eina gorenja: mo\u017enost menjave parafinskega vlo\u017eka 3 dni<\/li>\n<li>Pakiranje: 6 kosov v kartonu<\/li>\n<\/ul>\n<p>OPIS<\/p>\n<ul>\n<li>elegantna in var\u010dna steklena sve\u010da<\/li>\n<li>narejena iz stekla, stabilna, odporna proti vsem vremenskim razmeram<\/li>\n<li>namenjena ve\u010dkratni uporabi<\/li>\n<\/ul>\n<p>&nbsp;<\/p>\n","protected":false},"excerpt":{"rendered":"<p>ORHIDEJA STEKLENA SVE\u010cA s parafinskim vlo\u017ekom<\/p>\n","protected":false},"featured_media":6912,"template":"","meta":{"_acf_changed":false},"product_brand":[],"product_cat":[121],"product_tag":[],"class_list":{"0":"post-4015","1":"product","2":"type-product","3":"status-publish","4":"has-post-thumbnail","6":"product_cat-steklene-svece-na-vlozek","8":"first","9":"instock","10":"taxable","11":"shipping-taxable","12":"purchasable","13":"product-type-simple"},"acf":[],"_links":{"self":[{"href":"https:\/\/ecosija.com\/en\/wp-json\/wp\/v2\/product\/4015","targetHints":{"allow":["GET"]}}],"collection":[{"href":"https:\/\/ecosija.com\/en\/wp-json\/wp\/v2\/product"}],"about":[{"href":"https:\/\/ecosija.com\/en\/wp-json\/wp\/v2\/types\/product"}],"wp:featuredmedia":[{"embeddable":true,"href":"https:\/\/ecosija.com\/en\/wp-json\/wp\/v2\/media\/6912"}],"wp:attachment":[{"href":"https:\/\/ecosija.com\/en\/wp-json\/wp\/v2\/media?parent=4015"}],"wp:term":[{"taxonomy":"product_brand","embeddable":true,"href":"https:\/\/ecosija.com\/en\/wp-json\/wp\/v2\/product_brand?post=4015"},{"taxonomy":"product_cat","embeddable":true,"href":"https:\/\/ecosija.com\/en\/wp-json\/wp\/v2\/product_cat?post=4015"},{"taxonomy":"product_tag","embeddable":true,"href":"https:\/\/ecosija.com\/en\/wp-json\/wp\/v2\/product_tag?post=4015"}],"curies":[{"name":"wp","href":"https:\/\/api.w.org\/{rel}","templated":true}]}}