{"id":3915,"date":"2022-06-08T11:47:16","date_gmt":"2022-06-08T11:47:16","guid":{"rendered":"https:\/\/ecosija.com\/?post_type=product&#038;p=3915"},"modified":"2026-03-12T13:45:37","modified_gmt":"2026-03-12T12:45:37","slug":"set-alfa-varcna-steklena-sveca-na-tekoce-olje-oz-vosek-olje-1l-gratis-mix-barv","status":"publish","type":"product","link":"https:\/\/ecosija.com\/en\/svece\/set-alfa-varcna-steklena-sveca-na-tekoce-olje-oz-vosek-olje-1l-gratis-mix-barv\/","title":{"rendered":"SET ALFA var\u010dna steklena sve\u010da na teko\u010de olje oz. vosek + OLJE 1L gratis MIX barv"},"content":{"rendered":"<p>LASTNOSTI<\/p>\n<ul>\n<li>Barva: rde\u010da, vijoli\u010dna, zlata<\/li>\n<li>Material: steklo<\/li>\n<li>Dimenzija (V x \u0160): 265 x 230 mm<\/li>\n<li>Dol\u017eina gorenja: dolgo gore\u010da<\/li>\n<li>Pakiranje: 6 kosov v kartonu<\/li>\n<\/ul>\n<p>OPIS<\/p>\n<ul>\n<li>elegantna in var\u010dna sve\u010da<\/li>\n<li>tudi ko je sve\u010da brez polnila ostane stabilna proti vetru (340g)<\/li>\n<li>namenjena ve\u010dkratni uporabi<\/li>\n<\/ul>\n<p>&nbsp;<\/p>\n<p><a href=\"https:\/\/ecosija.com\/wp-content\/uploads\/2022\/06\/Olje_za_svece_EcoSija_Kosir_etiketa_255x110_okt22_v7_PRESS.pdf\" target=\"_blank\" rel=\"noopener\">Lastnosti<\/a><\/p>\n","protected":false},"excerpt":{"rendered":"<p>SET ALFA var\u010dna steklena sve\u010da na teko\u010de olje oz. vosek + OLJE 1L\u00a0 gratis MIX barv<\/p>\n","protected":false},"featured_media":3621,"template":"","meta":{"_acf_changed":false},"product_brand":[],"product_cat":[119,117],"product_tag":[],"class_list":{"0":"post-3915","1":"product","2":"type-product","3":"status-publish","4":"has-post-thumbnail","6":"product_cat-steklena-trajnostno-dolgogoreca-reciklirna-sveca","7":"product_cat-svece-na-tekoci-vosek-ekoloska-zelena-linija","9":"first","10":"instock","11":"taxable","12":"shipping-taxable","13":"purchasable","14":"product-type-simple"},"acf":[],"_links":{"self":[{"href":"https:\/\/ecosija.com\/en\/wp-json\/wp\/v2\/product\/3915","targetHints":{"allow":["GET"]}}],"collection":[{"href":"https:\/\/ecosija.com\/en\/wp-json\/wp\/v2\/product"}],"about":[{"href":"https:\/\/ecosija.com\/en\/wp-json\/wp\/v2\/types\/product"}],"wp:featuredmedia":[{"embeddable":true,"href":"https:\/\/ecosija.com\/en\/wp-json\/wp\/v2\/media\/3621"}],"wp:attachment":[{"href":"https:\/\/ecosija.com\/en\/wp-json\/wp\/v2\/media?parent=3915"}],"wp:term":[{"taxonomy":"product_brand","embeddable":true,"href":"https:\/\/ecosija.com\/en\/wp-json\/wp\/v2\/product_brand?post=3915"},{"taxonomy":"product_cat","embeddable":true,"href":"https:\/\/ecosija.com\/en\/wp-json\/wp\/v2\/product_cat?post=3915"},{"taxonomy":"product_tag","embeddable":true,"href":"https:\/\/ecosija.com\/en\/wp-json\/wp\/v2\/product_tag?post=3915"}],"curies":[{"name":"wp","href":"https:\/\/api.w.org\/{rel}","templated":true}]}}