{"id":3892,"date":"2022-06-10T07:34:47","date_gmt":"2022-06-10T05:34:47","guid":{"rendered":"https:\/\/ecosija.com\/?post_type=product&#038;p=3892"},"modified":"2025-02-05T10:39:34","modified_gmt":"2025-02-05T09:39:34","slug":"zvezda-na-tekoci-vosek-100-reciklirna-14-litra-mix-barv","status":"publish","type":"product","link":"https:\/\/ecosija.com\/en\/svece\/zvezda-na-tekoci-vosek-100-reciklirna-14-litra-mix-barv\/","title":{"rendered":"ZVEZDA na teko\u010di vosek MIX BARV 100% RECIKLIRNA 1 LITER. Oljni vlo\u017eek 1L."},"content":{"rendered":"<p>LASTNOSTI<\/p>\n<ul>\n<li>Barva: vijoli\u010dna, rde\u010da, zlata, prozorna, \u010drno-bela, \u010drna, zelena, dimljena, rumena,<\/li>\n<li>Material: Kvalitetna PET plastika<\/li>\n<li>Dimenzija (V x \u0160): 260 x 160 mm<\/li>\n<li>Dol\u017eina gorenja: dolgo gore\u010da<\/li>\n<li>Pakiranje: 6 kosov v kartonu (v kartonu je mix barv)<\/li>\n<li>Na voljo s prozornim ali \u010drnim oljnim vlo\u017ekom<\/li>\n<\/ul>\n<p>OPIS<\/p>\n<ul>\n<li>elegantna in var\u010dna sve\u010da<\/li>\n<li>Prva 100% reciklirana sve\u010da na trgu, katero se samo raz\u010dleni, BESTSELLER!<\/li>\n<li>tudi ko je sve\u010da brez polnila ostane stabilna proti vetru (340g)<\/li>\n<li>namenjena ve\u010dkratni uporabi<\/li>\n<\/ul>\n<p>&nbsp;<\/p>\n<p><a href=\"https:\/\/ecosija.com\/wp-content\/uploads\/2022\/11\/VL-EcoSija-ZVEZDA.pdf\" target=\"_blank\" rel=\"noopener\">Varnostni list<\/a><\/p>\n<p><a href=\"https:\/\/ecosija.com\/wp-content\/uploads\/2022\/06\/Nalepka_okrogla_OLJE_ZVEZDA-1-4l_nov22_v4_PRESS_01-PK-1.pdf\" target=\"_blank\" rel=\"noopener\">Lastnosti<\/a><\/p>\n","protected":false},"excerpt":{"rendered":"<p>ZVEZDA na teko\u010di vosek 100% RECIKLIRNA 1 LITER MIX barv<\/p>\n","protected":false},"featured_media":6512,"template":"","meta":{"_acf_changed":false},"product_brand":[],"product_cat":[117,118],"product_tag":[],"class_list":{"0":"post-3892","1":"product","2":"type-product","3":"status-publish","4":"has-post-thumbnail","6":"product_cat-svece-na-tekoci-vosek-ekoloska-zelena-linija","7":"product_cat-trajnostno-dolgogoreca-reciklirna-sveca","9":"first","10":"instock","11":"taxable","12":"shipping-taxable","13":"purchasable","14":"product-type-variable"},"acf":[],"_links":{"self":[{"href":"https:\/\/ecosija.com\/en\/wp-json\/wp\/v2\/product\/3892","targetHints":{"allow":["GET"]}}],"collection":[{"href":"https:\/\/ecosija.com\/en\/wp-json\/wp\/v2\/product"}],"about":[{"href":"https:\/\/ecosija.com\/en\/wp-json\/wp\/v2\/types\/product"}],"wp:featuredmedia":[{"embeddable":true,"href":"https:\/\/ecosija.com\/en\/wp-json\/wp\/v2\/media\/6512"}],"wp:attachment":[{"href":"https:\/\/ecosija.com\/en\/wp-json\/wp\/v2\/media?parent=3892"}],"wp:term":[{"taxonomy":"product_brand","embeddable":true,"href":"https:\/\/ecosija.com\/en\/wp-json\/wp\/v2\/product_brand?post=3892"},{"taxonomy":"product_cat","embeddable":true,"href":"https:\/\/ecosija.com\/en\/wp-json\/wp\/v2\/product_cat?post=3892"},{"taxonomy":"product_tag","embeddable":true,"href":"https:\/\/ecosija.com\/en\/wp-json\/wp\/v2\/product_tag?post=3892"}],"curies":[{"name":"wp","href":"https:\/\/api.w.org\/{rel}","templated":true}]}}