{"id":3879,"date":"2022-06-08T10:00:17","date_gmt":"2022-06-08T10:00:17","guid":{"rendered":"https:\/\/ecosija.com\/?post_type=product&#038;p=3879"},"modified":"2024-08-21T12:49:19","modified_gmt":"2024-08-21T10:49:19","slug":"zalni-paket-zvezda-na-tekoci-vosek-reciklirna-sveca","status":"publish","type":"product","link":"https:\/\/ecosija.com\/en\/svece\/zalni-paket-zvezda-na-tekoci-vosek-reciklirna-sveca\/","title":{"rendered":"\u017dALNI PAKET &#8211; ZVEZDA NA TEKO\u010cI VOSEK reciklirna sve\u010da"},"content":{"rendered":"<p>LASTNOSTI<\/p>\n<ul>\n<li>Eleganten \u017ealni paket z var\u010dno sve\u010do na teko\u010di vosek<\/li>\n<li>Barva: vijoli\u010dna, rde\u010da, zlata, prozorna, bakrena, zelena, dimljena<\/li>\n<li>Material: reciklirna PET<\/li>\n<li>Dizajn: ovalne oblike<\/li>\n<li>Dol\u017eina gorenja: dolgogore\u010da<\/li>\n<li>Dimenzija (V x \u0160): 260 x 160 mm<\/li>\n<li>Pakiranje: 4 kosi v kartonu<\/li>\n<\/ul>\n<p>OPIS<\/p>\n<ul>\n<li>var\u010dni ekolo\u0161ki \u017ealni paket, ki ga lahko odnesete na pogreb s svojim osebnim sporo\u010dilom<\/li>\n<li>odporna proti vodi, vlagi in vetru<\/li>\n<\/ul>\n<p><a href=\"https:\/\/ecosija.com\/wp-content\/uploads\/2022\/11\/VL-EcoSija-ZVEZDA.pdf\" target=\"_blank\" rel=\"noopener\">Varnostni list<\/a><\/p>\n","protected":false},"excerpt":{"rendered":"<p>\u017dALNI PAKET &#8211; ZVEZDA NA TEKO\u010cI VOSEK reciklirna sve\u010da<\/p>\n","protected":false},"featured_media":3888,"template":"","meta":{"_acf_changed":false},"product_brand":[],"product_cat":[112,116],"product_tag":[],"class_list":{"0":"post-3879","1":"product","2":"type-product","3":"status-publish","4":"has-post-thumbnail","6":"product_cat-zalni-paketi","7":"product_cat-zalni-seti-z-reciklirno-sveco-na-tekoci-vosek","9":"first","10":"instock","11":"taxable","12":"shipping-taxable","13":"purchasable","14":"product-type-variable"},"acf":[],"_links":{"self":[{"href":"https:\/\/ecosija.com\/en\/wp-json\/wp\/v2\/product\/3879","targetHints":{"allow":["GET"]}}],"collection":[{"href":"https:\/\/ecosija.com\/en\/wp-json\/wp\/v2\/product"}],"about":[{"href":"https:\/\/ecosija.com\/en\/wp-json\/wp\/v2\/types\/product"}],"wp:featuredmedia":[{"embeddable":true,"href":"https:\/\/ecosija.com\/en\/wp-json\/wp\/v2\/media\/3888"}],"wp:attachment":[{"href":"https:\/\/ecosija.com\/en\/wp-json\/wp\/v2\/media?parent=3879"}],"wp:term":[{"taxonomy":"product_brand","embeddable":true,"href":"https:\/\/ecosija.com\/en\/wp-json\/wp\/v2\/product_brand?post=3879"},{"taxonomy":"product_cat","embeddable":true,"href":"https:\/\/ecosija.com\/en\/wp-json\/wp\/v2\/product_cat?post=3879"},{"taxonomy":"product_tag","embeddable":true,"href":"https:\/\/ecosija.com\/en\/wp-json\/wp\/v2\/product_tag?post=3879"}],"curies":[{"name":"wp","href":"https:\/\/api.w.org\/{rel}","templated":true}]}}