{"id":3840,"date":"2022-06-08T09:44:39","date_gmt":"2022-06-08T09:44:39","guid":{"rendered":"https:\/\/ecosija.com\/?post_type=product&#038;p=3840"},"modified":"2025-04-09T10:09:10","modified_gmt":"2025-04-09T08:09:10","slug":"zalni-paket-3-svece-1-steklena-sveca","status":"publish","type":"product","link":"https:\/\/ecosija.com\/en\/svece\/zalni-paket-3-svece-1-steklena-sveca\/","title":{"rendered":"\u017dALNI PAKET 3 plasti\u010dne sve\u010de + 1 steklena sve\u010da"},"content":{"rendered":"<p>LASTNOSTI<\/p>\n<ul>\n<li>\u017dalni paket s tremi visoko kakovostnimi PVC sve\u010dami, plus eno stekleno sve\u010do<\/li>\n<li>Barva: vijoli\u010dna, rde\u010da, dimljena, rjava, bordo, zelena, pastelno vijola, pastelna bordo<\/li>\n<li>Material: reciklirna PET, plus steklena sve\u010da<\/li>\n<li>Dol\u017eina gorenja: dolgogore\u010de<\/li>\n<li>Dimenzija (V x \u0160): 240 x 260 x 160 mm<\/li>\n<li>Pakiranje: 3 kosi v kartonu<\/li>\n<\/ul>\n<p>OPIS<\/p>\n<ul>\n<li>var\u010dni \u017ealni paket, ki ga lahko odnesete na pogreb s svojim osebnim sporo\u010dilom<\/li>\n<li>odporna proti vodi, vlagi in vetru<\/li>\n<\/ul>\n<p>&nbsp;<\/p>\n","protected":false},"excerpt":{"rendered":"<p>\u017dALNI PAKET 3 sve\u010de + 1 steklena sve\u010da, ve\u010d barv<\/p>\n","protected":false},"featured_media":6633,"template":"","meta":{"_acf_changed":false},"product_brand":[],"product_cat":[112,114],"product_tag":[],"class_list":{"0":"post-3840","1":"product","2":"type-product","3":"status-publish","4":"has-post-thumbnail","6":"product_cat-zalni-paketi","7":"product_cat-zalni-seti-z-eno-stekleno-sveco","9":"first","10":"instock","11":"taxable","12":"shipping-taxable","13":"purchasable","14":"product-type-variable"},"acf":[],"_links":{"self":[{"href":"https:\/\/ecosija.com\/en\/wp-json\/wp\/v2\/product\/3840","targetHints":{"allow":["GET"]}}],"collection":[{"href":"https:\/\/ecosija.com\/en\/wp-json\/wp\/v2\/product"}],"about":[{"href":"https:\/\/ecosija.com\/en\/wp-json\/wp\/v2\/types\/product"}],"wp:featuredmedia":[{"embeddable":true,"href":"https:\/\/ecosija.com\/en\/wp-json\/wp\/v2\/media\/6633"}],"wp:attachment":[{"href":"https:\/\/ecosija.com\/en\/wp-json\/wp\/v2\/media?parent=3840"}],"wp:term":[{"taxonomy":"product_brand","embeddable":true,"href":"https:\/\/ecosija.com\/en\/wp-json\/wp\/v2\/product_brand?post=3840"},{"taxonomy":"product_cat","embeddable":true,"href":"https:\/\/ecosija.com\/en\/wp-json\/wp\/v2\/product_cat?post=3840"},{"taxonomy":"product_tag","embeddable":true,"href":"https:\/\/ecosija.com\/en\/wp-json\/wp\/v2\/product_tag?post=3840"}],"curies":[{"name":"wp","href":"https:\/\/api.w.org\/{rel}","templated":true}]}}