{"id":3813,"date":"2022-06-08T09:29:56","date_gmt":"2022-06-08T09:29:56","guid":{"rendered":"https:\/\/ecosija.com\/?post_type=product&#038;p=3813"},"modified":"2025-04-09T07:28:47","modified_gmt":"2025-04-09T05:28:47","slug":"zalni-paket-4-svece","status":"publish","type":"product","link":"https:\/\/ecosija.com\/en\/svece\/zalni-paket-4-svece\/","title":{"rendered":"\u017dALNI PAKET 4 sve\u010de"},"content":{"rendered":"<p>LASTNOSTI<\/p>\n<ul>\n<li>\u017dalni paket z visoko kakovostno PVC sve\u010do<\/li>\n<li>Barva: vijoli\u010dna, rde\u010da, zlata, prozorna, bakrena, zelena, dimljena<\/li>\n<li>Material: reciklirna PET<\/li>\n<li>Dizajn: ovalne oblike<\/li>\n<li>Dol\u017eina gorenja: dolgogore\u010da<\/li>\n<li>Dimenzija (V x \u0160): 230 x 80 x 90 mm<\/li>\n<li>Pakiranje: 4 kosi v kartonu<\/li>\n<\/ul>\n<p>OPIS<\/p>\n<ul>\n<li>var\u010dni \u017ealni paket, ki ga lahko odnesete na pogreb s svojim osebnim sporo\u010dilom<\/li>\n<li>odporna proti vodi, vlagi in vetru<\/li>\n<\/ul>\n<p>&nbsp;<\/p>\n","protected":false},"excerpt":{"rendered":"<p>\u017dALNI PAKET 4 sve\u010de<\/p>\n","protected":false},"featured_media":6641,"template":"","meta":{"_acf_changed":false},"product_brand":[],"product_cat":[113,112],"product_tag":[],"class_list":{"0":"post-3813","1":"product","2":"type-product","3":"status-publish","4":"has-post-thumbnail","6":"product_cat-klasicni-zalni-seti-zalni-paketi","7":"product_cat-zalni-paketi","9":"first","10":"instock","11":"taxable","12":"shipping-taxable","13":"purchasable","14":"product-type-variable"},"acf":[],"_links":{"self":[{"href":"https:\/\/ecosija.com\/en\/wp-json\/wp\/v2\/product\/3813","targetHints":{"allow":["GET"]}}],"collection":[{"href":"https:\/\/ecosija.com\/en\/wp-json\/wp\/v2\/product"}],"about":[{"href":"https:\/\/ecosija.com\/en\/wp-json\/wp\/v2\/types\/product"}],"wp:featuredmedia":[{"embeddable":true,"href":"https:\/\/ecosija.com\/en\/wp-json\/wp\/v2\/media\/6641"}],"wp:attachment":[{"href":"https:\/\/ecosija.com\/en\/wp-json\/wp\/v2\/media?parent=3813"}],"wp:term":[{"taxonomy":"product_brand","embeddable":true,"href":"https:\/\/ecosija.com\/en\/wp-json\/wp\/v2\/product_brand?post=3813"},{"taxonomy":"product_cat","embeddable":true,"href":"https:\/\/ecosija.com\/en\/wp-json\/wp\/v2\/product_cat?post=3813"},{"taxonomy":"product_tag","embeddable":true,"href":"https:\/\/ecosija.com\/en\/wp-json\/wp\/v2\/product_tag?post=3813"}],"curies":[{"name":"wp","href":"https:\/\/api.w.org\/{rel}","templated":true}]}}