{"id":3758,"date":"2022-06-08T09:03:39","date_gmt":"2022-06-08T09:03:39","guid":{"rendered":"https:\/\/ecosija.com\/?post_type=product&#038;p=3758"},"modified":"2025-04-08T12:00:25","modified_gmt":"2025-04-08T10:00:25","slug":"solarna-sonce-steklena-mix-barv-gori-do-3-leta","status":"publish","type":"product","link":"https:\/\/ecosija.com\/en\/svece\/solarna-sonce-steklena-mix-barv-gori-do-3-leta\/","title":{"rendered":"SOLARNA SVE\u010cA SONCE gori 3 leta"},"content":{"rendered":"<p>LASTNOSTI:<\/p>\n<ul>\n<li>Solarna sve\u010da<\/li>\n<li>Material: steklo<\/li>\n<li>Barva: rde\u010da, vijoli\u010dna, dimljena, zlato rjava, biserno svetlikajo\u010da v razli\u010dnih barvah<\/li>\n<li>Dimenzija (V x \u0160): 195 x 180 mm<\/li>\n<li>Dol\u017eina gorenja: gori 24 ur \/ dan, 3 leta<\/li>\n<li>Pakiranje: 5 kosov v kartonu (velja v primeru koli\u010dinskih naro\u010danj)<\/li>\n<\/ul>\n<p>OPIS:<\/p>\n<ul>\n<li>Kakovostna solarna laterna gori s pomo\u010djo son\u010dne energije neprekinjeno, gori 24ur \/ dan, 3 leta<\/li>\n<li>Laterna deluje v vseh vremenskih razmerah: soncu, de\u017eju, vetru in celo snegu (o\u010di\u0161\u010dena povr\u0161ina)<\/li>\n<\/ul>\n<p>&nbsp;<\/p>\n","protected":false},"excerpt":{"rendered":"<p>SOLARNA SVE\u010cA SONCE gori 3 leta<\/p>\n","protected":false},"featured_media":3771,"template":"","meta":{"_acf_changed":false},"product_brand":[],"product_cat":[202,109],"product_tag":[],"class_list":{"0":"post-3758","1":"product","2":"type-product","3":"status-publish","4":"has-post-thumbnail","6":"product_cat-solarne-steklene-svece","7":"product_cat-solarne-svece","9":"first","10":"instock","11":"taxable","12":"shipping-taxable","13":"purchasable","14":"product-type-variable"},"acf":[],"_links":{"self":[{"href":"https:\/\/ecosija.com\/en\/wp-json\/wp\/v2\/product\/3758","targetHints":{"allow":["GET"]}}],"collection":[{"href":"https:\/\/ecosija.com\/en\/wp-json\/wp\/v2\/product"}],"about":[{"href":"https:\/\/ecosija.com\/en\/wp-json\/wp\/v2\/types\/product"}],"wp:featuredmedia":[{"embeddable":true,"href":"https:\/\/ecosija.com\/en\/wp-json\/wp\/v2\/media\/3771"}],"wp:attachment":[{"href":"https:\/\/ecosija.com\/en\/wp-json\/wp\/v2\/media?parent=3758"}],"wp:term":[{"taxonomy":"product_brand","embeddable":true,"href":"https:\/\/ecosija.com\/en\/wp-json\/wp\/v2\/product_brand?post=3758"},{"taxonomy":"product_cat","embeddable":true,"href":"https:\/\/ecosija.com\/en\/wp-json\/wp\/v2\/product_cat?post=3758"},{"taxonomy":"product_tag","embeddable":true,"href":"https:\/\/ecosija.com\/en\/wp-json\/wp\/v2\/product_tag?post=3758"}],"curies":[{"name":"wp","href":"https:\/\/api.w.org\/{rel}","templated":true}]}}