{"id":3726,"date":"2022-06-07T12:53:21","date_gmt":"2022-06-07T12:53:21","guid":{"rendered":"https:\/\/ecosija.com\/?post_type=product&#038;p=3726"},"modified":"2026-03-02T14:07:33","modified_gmt":"2026-03-02T13:07:33","slug":"elektronski-srcek-steklena-rdec","status":"publish","type":"product","link":"https:\/\/ecosija.com\/en\/svece\/elektronski-srcek-steklena-rdec\/","title":{"rendered":"ELEKTRONSKI SR\u010cEK gori 90 dni NOVO! (sijaj)"},"content":{"rendered":"<p>LASTNOSTI<\/p>\n<ul>\n<li>Barva: rde\u010da, prozorna<\/li>\n<li>Material: steklo<\/li>\n<li>Dimenzija (V x \u0160): 210 x 105 mm<\/li>\n<li>Dol\u017eina gorenja: 90 dni<\/li>\n<li>Pakiranje: 12 kosov v kartonu (velja v primeru koli\u010dinskega naro\u010danja)<\/li>\n<\/ul>\n<p>OPIS<\/p>\n<ul>\n<li>var\u010dna elektronska sve\u010da v obliki sr\u010dka<\/li>\n<li>narejena iz stekla, stabilna, odporna proti vsem vremenskim razmeram<\/li>\n<li>pokrov\u010dek ima za\u0161\u010dito proti vdoru vode, zra\u010dnost proti kondenzu<\/li>\n<li>namenjena ve\u010dkratni uporabi, mo\u017enost menjave baterij<\/li>\n<li>gori 90 dni<\/li>\n<\/ul>\n<p>&nbsp;<\/p>\n","protected":false},"excerpt":{"rendered":"<p>ELEKTRONSKI SR\u010cEK gori 90 dni NOVO! (sijaj)<\/p>\n","protected":false},"featured_media":6871,"template":"","meta":{"_acf_changed":false},"product_brand":[],"product_cat":[107,105],"product_tag":[],"class_list":{"0":"post-3726","1":"product","2":"type-product","3":"status-publish","4":"has-post-thumbnail","6":"product_cat-elektronske-steklene-svece","7":"product_cat-elektronske-svece","9":"first","10":"instock","11":"taxable","12":"shipping-taxable","13":"purchasable","14":"product-type-simple"},"acf":[],"_links":{"self":[{"href":"https:\/\/ecosija.com\/en\/wp-json\/wp\/v2\/product\/3726","targetHints":{"allow":["GET"]}}],"collection":[{"href":"https:\/\/ecosija.com\/en\/wp-json\/wp\/v2\/product"}],"about":[{"href":"https:\/\/ecosija.com\/en\/wp-json\/wp\/v2\/types\/product"}],"wp:featuredmedia":[{"embeddable":true,"href":"https:\/\/ecosija.com\/en\/wp-json\/wp\/v2\/media\/6871"}],"wp:attachment":[{"href":"https:\/\/ecosija.com\/en\/wp-json\/wp\/v2\/media?parent=3726"}],"wp:term":[{"taxonomy":"product_brand","embeddable":true,"href":"https:\/\/ecosija.com\/en\/wp-json\/wp\/v2\/product_brand?post=3726"},{"taxonomy":"product_cat","embeddable":true,"href":"https:\/\/ecosija.com\/en\/wp-json\/wp\/v2\/product_cat?post=3726"},{"taxonomy":"product_tag","embeddable":true,"href":"https:\/\/ecosija.com\/en\/wp-json\/wp\/v2\/product_tag?post=3726"}],"curies":[{"name":"wp","href":"https:\/\/api.w.org\/{rel}","templated":true}]}}