{"id":3671,"date":"2022-06-07T12:27:54","date_gmt":"2022-06-07T12:27:54","guid":{"rendered":"https:\/\/ecosija.com\/?post_type=product&#038;p=3671"},"modified":"2026-02-27T09:05:17","modified_gmt":"2026-02-27T08:05:17","slug":"elektronska-laterna-steklena-180-dni","status":"publish","type":"product","link":"https:\/\/ecosija.com\/en\/svece\/elektronska-laterna-steklena-180-dni\/","title":{"rendered":"ELEKTRONSKA LATERNA z belim ornamentom gori 90 dni"},"content":{"rendered":"<p>LASTNOSTI:<\/p>\n<ul>\n<li>Elektronska laterna z belim ornamentom<\/li>\n<li>Material: steklo<\/li>\n<li>Barva: dimljena<\/li>\n<li>Dimenzija (V x \u0160): 245 x 140 mm<\/li>\n<li>Pakiranje: 6 kosov v kartonu<\/li>\n<li>Dol\u017eina gorenja: 90 dni<\/li>\n<\/ul>\n<p>OPIS<\/p>\n<ul>\n<li>Kakovostna elektronska laterna<\/li>\n<li>narejena iz stekla, nerjave\u010dega ogrodja, stabilna, odporna proti vsem vremenskim razmeram<\/li>\n<li>namenjena ve\u010dkratni uporabi, mo\u017enost menjave baterij<\/li>\n<li>pokrov\u010dek ima za\u0161\u010dito proti vdoru vode, zra\u010dnost proti kondenzu<\/li>\n<li>gori 90 dni<\/li>\n<\/ul>\n<ul>\n<li style=\"list-style-type: none\"><\/li>\n<\/ul>\n<p>&nbsp;<\/p>\n","protected":false},"excerpt":{"rendered":"<p>ELEKTRONSKA LATERNA z belim ornamentom gori 90 dni<\/p>\n","protected":false},"featured_media":6767,"template":"","meta":{"_acf_changed":false},"product_brand":[],"product_cat":[107,105],"product_tag":[],"class_list":{"0":"post-3671","1":"product","2":"type-product","3":"status-publish","4":"has-post-thumbnail","6":"product_cat-elektronske-steklene-svece","7":"product_cat-elektronske-svece","9":"first","10":"outofstock","11":"virtual","12":"taxable","13":"purchasable","14":"product-type-simple"},"acf":[],"_links":{"self":[{"href":"https:\/\/ecosija.com\/en\/wp-json\/wp\/v2\/product\/3671","targetHints":{"allow":["GET"]}}],"collection":[{"href":"https:\/\/ecosija.com\/en\/wp-json\/wp\/v2\/product"}],"about":[{"href":"https:\/\/ecosija.com\/en\/wp-json\/wp\/v2\/types\/product"}],"wp:featuredmedia":[{"embeddable":true,"href":"https:\/\/ecosija.com\/en\/wp-json\/wp\/v2\/media\/6767"}],"wp:attachment":[{"href":"https:\/\/ecosija.com\/en\/wp-json\/wp\/v2\/media?parent=3671"}],"wp:term":[{"taxonomy":"product_brand","embeddable":true,"href":"https:\/\/ecosija.com\/en\/wp-json\/wp\/v2\/product_brand?post=3671"},{"taxonomy":"product_cat","embeddable":true,"href":"https:\/\/ecosija.com\/en\/wp-json\/wp\/v2\/product_cat?post=3671"},{"taxonomy":"product_tag","embeddable":true,"href":"https:\/\/ecosija.com\/en\/wp-json\/wp\/v2\/product_tag?post=3671"}],"curies":[{"name":"wp","href":"https:\/\/api.w.org\/{rel}","templated":true}]}}